{"id":2357,"date":"2026-01-26T07:03:39","date_gmt":"2026-01-26T07:03:39","guid":{"rendered":"https:\/\/kesterciemapeonijas.lv\/?page_id=2357"},"modified":"2026-01-26T07:23:49","modified_gmt":"2026-01-26T07:23:49","slug":"cookies-policy","status":"publish","type":"page","link":"https:\/\/kesterciemapeonijas.lv\/lv\/cookies-policy\/","title":{"rendered":"S\u012bkfailu politika"},"content":{"rendered":"<p>________________________________<\/p>\n\n\n\n<hr class=\"wp-block-separator has-alpha-channel-opacity\"\/>\n\n\n\n<h4 class=\"wp-block-heading\" id=\"sikdatnu-politika\">\ud83c\uddf1\ud83c\uddfb S\u012bkdat\u0146u politika<\/h4>\n\n\n\n<p>M\u0113s izmantojam s\u012bkdatnes, lai nodro\u0161in\u0101tu vietnes pareizu darb\u012bbu un uzlabotu lietot\u0101ja pieredzi.<\/p>\n\n\n\n<p>S\u012bkdatnes ir nelieli teksta faili, kas tiek saglab\u0101ti j\u016bsu ier\u012bc\u0113, apmekl\u0113jot vietni.<\/p>\n\n\n\n<h5 class=\"wp-block-heading\" id=\"nepieciesamas-sikdatnes\">Nepiecie\u0161am\u0101s s\u012bkdatnes<\/h5>\n\n\n\n<p>\u0160\u012bs s\u012bkdatnes ir b\u016btiskas vietnes pamatfunkciju nodro\u0161in\u0101\u0161anai. T\u0101s tiek izmantotas dro\u0161\u012bbai, s\u012bkdat\u0146u izv\u0113les saglab\u0101\u0161anai un kontaktformu darb\u012bbai. \u0160\u012bs s\u012bkdatnes neapkopo personas datus un t\u0101s nevar atsp\u0113jot.<\/p>\n\n\n\n<h5 class=\"wp-block-heading\" id=\"treso-pusu-sikdatnes\">Tre\u0161o pu\u0161u s\u012bkdatnes<\/h5>\n\n\n\n<p>M\u0113s neizmantojam tre\u0161o pu\u0161u s\u012bkdatnes anal\u012btikai, m\u0101rketingam vai rekl\u0101mai.<\/p>\n\n\n\n<h5 class=\"wp-block-heading\" id=\"sikdatnu-parvaldiba\">S\u012bkdat\u0146u p\u0101rvald\u012bba<\/h5>\n\n\n\n<p>J\u016bs jebkur\u0101 laik\u0101 varat p\u0101rvald\u012bt vai dz\u0113st s\u012bkdatnes savas p\u0101rl\u016bkprogrammas iestat\u012bjumos. L\u016bdzu, \u0146emiet v\u0113r\u0101, ka s\u012bkdat\u0146u atsp\u0113jo\u0161ana var ietekm\u0113t vietnes funkcionalit\u0101ti.<\/p>\n\n\n\n<p>\u0160\u012b s\u012bkdat\u0146u politika var tikt atjaunin\u0101ta, ja n\u0101kotn\u0113 tiks pievienoti papildu pakalpojumi.<br><br><\/p>\n\n\n\n<h4 class=\"wp-block-heading\" id=\"eng-cookies-policy\"> Eng Cookies Policy <\/h4>\n\n\n\n<p>We use cookies to ensure that our website works properly and to provide you with the best possible experience.<\/p>\n\n\n\n<p>Cookies are small text files that are stored on your device when you visit a website.<\/p>\n\n\n\n<h5 class=\"wp-block-heading\" id=\"essential-cookies\">Essential cookies<\/h5>\n\n\n\n<p>These cookies are necessary for the basic functionality of the website. They allow features such as security, saving your cookie preferences, and correct operation of contact forms. These cookies do not collect personal data and cannot be disabled.<\/p>\n\n\n\n<h5 class=\"wp-block-heading\" id=\"third-party-cookies\">Third-party cookies<\/h5>\n\n\n\n<p>We do not use third-party cookies for analytics, marketing, or advertising purposes.<\/p>\n\n\n\n<h5 class=\"wp-block-heading\" id=\"managing-cookies\">Managing cookies<\/h5>\n\n\n\n<p>You can manage or delete cookies through your browser settings at any time. Please note that disabling cookies may affect the functionality of the website.<\/p>\n\n\n\n<p>This Cookies Policy may be updated in the future if additional services are introduced.<\/p>\n\n\n\n<p><\/p>","protected":false},"excerpt":{"rendered":"<p>________________________________ \ud83c\uddf1\ud83c\uddfb S\u012bkdat\u0146u politika M\u0113s izmantojam s\u012bkdatnes, lai nodro\u0161in\u0101tu vietnes pareizu darb\u012bbu un uzlabotu lietot\u0101ja pieredzi. S\u012bkdatnes ir nelieli teksta faili, kas tiek saglab\u0101ti j\u016bsu ier\u012bc\u0113, apmekl\u0113jot vietni. Nepiecie\u0161am\u0101s s\u012bkdatnes \u0160\u012bs s\u012bkdatnes ir b\u016btiskas vietnes pamatfunkciju nodro\u0161in\u0101\u0161anai. T\u0101s tiek izmantotas dro\u0161\u012bbai, s\u012bkdat\u0146u izv\u0113les saglab\u0101\u0161anai un kontaktformu darb\u012bbai. \u0160\u012bs s\u012bkdatnes neapkopo personas datus un t\u0101s nevar [&hellip;]<\/p>\n","protected":false},"author":1,"featured_media":0,"parent":0,"menu_order":0,"comment_status":"closed","ping_status":"closed","template":"","meta":{"_gspb_post_css":"","_glsr_average":0,"_glsr_ranking":0,"_glsr_reviews":0,"footnotes":""},"class_list":["post-2357","page","type-page","status-publish","hentry"],"blocksy_meta":[],"_links":{"self":[{"href":"https:\/\/kesterciemapeonijas.lv\/lv\/wp-json\/wp\/v2\/pages\/2357","targetHints":{"allow":["GET"]}}],"collection":[{"href":"https:\/\/kesterciemapeonijas.lv\/lv\/wp-json\/wp\/v2\/pages"}],"about":[{"href":"https:\/\/kesterciemapeonijas.lv\/lv\/wp-json\/wp\/v2\/types\/page"}],"author":[{"embeddable":true,"href":"https:\/\/kesterciemapeonijas.lv\/lv\/wp-json\/wp\/v2\/users\/1"}],"replies":[{"embeddable":true,"href":"https:\/\/kesterciemapeonijas.lv\/lv\/wp-json\/wp\/v2\/comments?post=2357"}],"version-history":[{"count":4,"href":"https:\/\/kesterciemapeonijas.lv\/lv\/wp-json\/wp\/v2\/pages\/2357\/revisions"}],"predecessor-version":[{"id":2363,"href":"https:\/\/kesterciemapeonijas.lv\/lv\/wp-json\/wp\/v2\/pages\/2357\/revisions\/2363"}],"wp:attachment":[{"href":"https:\/\/kesterciemapeonijas.lv\/lv\/wp-json\/wp\/v2\/media?parent=2357"}],"curies":[{"name":"wp","href":"https:\/\/api.w.org\/{rel}","templated":true}]}}